{"id":18144,"date":"2023-08-18T10:19:51","date_gmt":"2023-08-18T08:19:51","guid":{"rendered":"https:\/\/acent.de\/?page_id=18144"},"modified":"2025-12-16T13:06:55","modified_gmt":"2025-12-16T12:06:55","slug":"acent-techday-november-2023","status":"publish","type":"page","link":"https:\/\/acent.de\/en\/acent-techday-november-2023\/","title":{"rendered":"ACENT TechDay November 2023"},"content":{"rendered":"\n\t\t\t<\/div>\n\t\t<\/div>\n\t<\/div>\n\n\t<div class=\"image-header-full-width\">\n\t\t\t<div class=\"header-image-full-width\">\n\t\t\t\t<div class=\"header-image-media\">\n\t\t\t\t\t<div id=\"wp-header-image\" class=\"wp-header-image\">\n\t\t\t\t\t\t<img decoding=\"async\" src=\"https:\/\/acent.de\/wp-content\/uploads\/2023\/08\/Header-schmal-Trendradar02-1-scaled.jpg\" alt=\"\">\n\t\t\t\t\t\t<div class=\"opacity-mask\"><\/div>\n\t\t\t\t\t<\/div>\n\t\t\t\t<\/div>\n\t\t\t\t<div class=\"header-image-full-width-text\">\n\t\t\t\t\t<div class=\"container\">\n\t\t\t\t\t<h3>09. N0vember 2023<\/h3>\n<h1>ACENT TechDay<\/h1>\n\t\t\t\t\t<\/div>\n\t\t\t\t<\/div>\n\t\t\t<\/div>\n\t<\/div>\n\n\t\t\t<div class=\"container wrapper wrapper-after-image\">\n\t\t<div class=\"row\">\n\t\t<div class=\"col-sm-12\">\n\n\n<p><\/p>\n\n\n\n<h1 class=\"wp-block-heading has-text-align-center\">09. November 2023 in M\u00fcnchen<\/h1>\n\n\n\n<p style=\"text-align: justify\">Mit der sich rasant entwickelnden KI-Technologie hat OpenAI\u2018s ChatGPT neue Standards f\u00fcr sprachbasierte KI-Anwendungen gesetzt. Immer mehr Unternehmen nutzen die vielf\u00e4ltigen Einsatzm\u00f6glichkeiten dieser Technologie, von der Automatisierung der Kundenkommunikation, der Unterst\u00fctzung bei internen Gesch\u00e4ftsprozessen bis zur Generierung von Inhalten. In Rahmen des ACENT TechDays werden wir die Einsatzm\u00f6glichkeiten dieser Technologie anhand konkreter Beispiele und Live-Demos umfassend diskutieren.<br>Darauf aufbauend befassen wir uns mit den notwendigen Voraussetzungen zur Einf\u00fchrung von ChatGPT im Unternehmen sowie mit Technologien und Strategien, welche die Integrit\u00e4t und Vertraulichkeit Ihrer Unternehmensdaten beim Einsatz von ChatGPT gew\u00e4hrleisten. Wir freuen uns sehr, diese Veranstaltung gemeinsam mit Microsoft als einer der grossen Investoren in OpenAI, in der Gesch\u00e4ftsstelle von Microsoft Deutschland durchzuf\u00fchren<\/p>\n\n\n\n<div style=\"height:65px\" aria-hidden=\"true\" class=\"wp-block-spacer\"><\/div>\n\n\n\n<div class=\"row \">\n\t<div class=\"col\">\n\t\t<div class=\"heading\">\n\t\t\t<>\n\n<h2 class=\"wp-block-heading has-text-align-center\">Programm<\/h2>\n\n<\/>\t\t<\/div>\n\t<\/div>\n<\/div>\n\n\n<p><strong>15:00<\/strong> Einf\u00fchrung zum ACENT TechDay 2023 bei Microsoft<\/p>\n\n\n\n<p><strong>15:30<\/strong> Vortr\u00e4ge und Diskussionen zu folgenden Themen:<\/p>\n\n\n\n<p class=\"has-text-align-left\">   \u2219 Einf\u00fchrung zu AI, OpenAI und ChatGPT am Beispiel der Automobilindustrie<br>   \u2219 ChatGPT im Unternehmen: Live-Demos von Anwendungen und Fallbeispielen<br>   \u2219 Voraussetzungen f\u00fcr den Einsatz von ChatGPT im Unternehmen<\/p>\n\n\n\n<p><strong>17:30<\/strong> Pause<\/p>\n\n\n\n<p><strong>18:00<\/strong> F\u00fchrung durch das Microsoft Executive Briefing Center<\/p>\n\n\n\n<p><strong>19:00<\/strong> Netzwerkabend mit gemeinsamem Abendessen im Restaurant &#8220;The Lonely Broccoli&#8221; und Ausklang des Abends in der &#8220;M\u00b4uniqo Rooftop Bar&#8221;<\/p>\n\n\n\n<div style=\"height:68px\" aria-hidden=\"true\" class=\"wp-block-spacer\"><\/div>\n\n\n\n<div class=\"row \">\n\t<div class=\"col\">\n\t\t<div class=\"heading\">\n\t\t\t<>\n\n<h2 class=\"wp-block-heading has-text-align-center\">Hotelempfehlungen<\/h2>\n\n<\/>\t\t<\/div>\n\t<\/div>\n<\/div>\n\n\n<p><\/p>\n\n\n\n<div class=\"wp-block-group is-vertical is-layout-flex wp-container-core-group-is-layout-8cf370e7 wp-block-group-is-layout-flex\">\n<p><strong>Pullman Hotel M\u00fcnchen<\/strong><br>Theodor-Dombart-Strasse 4<br>80805 M\u00fcnchen<br>T: +49 89 360 99 0<br><a href=\"https:\/\/www.pullman-hotel-muenchen.de\/\" target=\"_blank\" rel=\"noreferrer noopener\">https:\/\/www.pullman-hotel-muenchen.de\/<\/a><\/p>\n\n\n\n<p><\/p>\n<\/div>\n\n\n\n<div style=\"height:76px\" aria-hidden=\"true\" class=\"wp-block-spacer\"><\/div>\n\n\n\n<p><strong>Mariott Hotel M\u00fcnchen Schwabing<\/strong><br>Berliner Strasse 93<br>80805 M\u00fcnchen<br>T: +49 89 36 00 20<br><a href=\"https:\/\/www.marriott.com\/de\/hotels\/mucno-munich-marriott-hotel\/overview\/\" target=\"_blank\" rel=\"noreferrer noopener\">https:\/\/www.marriott.com\/<\/a><\/p>\n\n\n\n<p><\/p>\n\n\n\n<div style=\"height:82px\" aria-hidden=\"true\" class=\"wp-block-spacer\"><\/div>\n\n\n\n<p><strong>Andaz M\u00fcnchen Schwabinger Tor<\/strong><br>Leopoldstrasse 170<br>80804 M\u00fcnchen<br>T: +49 89 262 027 1234<br><a href=\"https:\/\/www.hyatt.com\/andaz\/de-DE\/mucaz-andaz-munich-schwabinger-tor\/gallery\" target=\"_blank\" rel=\"noreferrer noopener nofollow\">https:\/\/www.hyatt.com<\/a><\/p>\n\n\n\n<p><\/p>\n\n\n\n<p><\/p>\n\n\n\n<div style=\"height:201px\" aria-hidden=\"true\" class=\"wp-block-spacer\"><\/div>\n","protected":false},"excerpt":{"rendered":"<p>09. November 2023 in M\u00fcnchen Mit der sich rasant entwickelnden KI-Technologie hat OpenAI\u2018s ChatGPT neue Standards f\u00fcr sprachbasierte KI-Anwendungen gesetzt. Immer mehr Unternehmen nutzen die vielf\u00e4ltigen Einsatzm\u00f6glichkeiten dieser Technologie, von der Automatisierung der Kundenkommunikation, der Unterst\u00fctzung bei internen Gesch\u00e4ftsprozessen bis zur Generierung von Inhalten. In Rahmen des ACENT TechDays werden wir die Einsatzm\u00f6glichkeiten dieser Technologie [&hellip;]<\/p>\n","protected":false},"author":19,"featured_media":0,"parent":0,"menu_order":0,"comment_status":"closed","ping_status":"closed","template":"","meta":{"_acf_changed":false,"footnotes":""},"class_list":["post-18144","page","type-page","status-publish","hentry"],"acf":[],"yoast_head":"<!-- This site is optimized with the Yoast SEO plugin v27.3 - https:\/\/yoast.com\/product\/yoast-seo-wordpress\/ -->\n<title>ACENT TechDay November 2023 - ACENT AG<\/title>\n<meta name=\"description\" content=\"ACENT AG - 09. November 2023 in M\u00fcnchen Mit der sich rasant entwickelnden KI-Technologie hat OpenAI\u2018s ChatGPT neue Standards f\u00fcr sprachbasierte KI-Anwendungen\" \/>\n<meta name=\"robots\" content=\"index, follow, max-snippet:-1, max-image-preview:large, max-video-preview:-1\" \/>\n<link rel=\"canonical\" href=\"https:\/\/acent.de\/en\/acent-techday-november-2023\/\" \/>\n<meta property=\"og:locale\" content=\"en_US\" \/>\n<meta property=\"og:type\" content=\"article\" \/>\n<meta property=\"og:title\" content=\"ACENT TechDay November 2023 - ACENT AG\" \/>\n<meta property=\"og:description\" content=\"ACENT AG - 09. November 2023 in M\u00fcnchen Mit der sich rasant entwickelnden KI-Technologie hat OpenAI\u2018s ChatGPT neue Standards f\u00fcr sprachbasierte KI-Anwendungen\" \/>\n<meta property=\"og:url\" content=\"https:\/\/acent.de\/en\/acent-techday-november-2023\/\" \/>\n<meta property=\"og:site_name\" content=\"ACENT AG\" \/>\n<meta property=\"article:modified_time\" content=\"2025-12-16T12:06:55+00:00\" \/>\n<meta name=\"twitter:label1\" content=\"Est. reading time\" \/>\n\t<meta name=\"twitter:data1\" content=\"2 minutes\" \/>\n<script type=\"application\/ld+json\" class=\"yoast-schema-graph\">{\"@context\":\"https:\\\/\\\/schema.org\",\"@graph\":[{\"@type\":\"WebPage\",\"@id\":\"https:\\\/\\\/acent.de\\\/en\\\/acent-techday-november-2023\\\/\",\"url\":\"https:\\\/\\\/acent.de\\\/en\\\/acent-techday-november-2023\\\/\",\"name\":\"ACENT TechDay November 2023 - ACENT AG\",\"isPartOf\":{\"@id\":\"https:\\\/\\\/acent.de\\\/en\\\/#website\"},\"datePublished\":\"2023-08-18T08:19:51+00:00\",\"dateModified\":\"2025-12-16T12:06:55+00:00\",\"description\":\"ACENT AG - 09. November 2023 in M\u00fcnchen Mit der sich rasant entwickelnden KI-Technologie hat OpenAI\u2018s ChatGPT neue Standards f\u00fcr sprachbasierte KI-Anwendungen\",\"breadcrumb\":{\"@id\":\"https:\\\/\\\/acent.de\\\/en\\\/acent-techday-november-2023\\\/#breadcrumb\"},\"inLanguage\":\"en-US\",\"potentialAction\":[{\"@type\":\"ReadAction\",\"target\":[\"https:\\\/\\\/acent.de\\\/en\\\/acent-techday-november-2023\\\/\"]}]},{\"@type\":\"BreadcrumbList\",\"@id\":\"https:\\\/\\\/acent.de\\\/en\\\/acent-techday-november-2023\\\/#breadcrumb\",\"itemListElement\":[{\"@type\":\"ListItem\",\"position\":1,\"name\":\"Startseite\",\"item\":\"https:\\\/\\\/acent.de\\\/en\\\/\"},{\"@type\":\"ListItem\",\"position\":2,\"name\":\"ACENT TechDay November 2023\"}]},{\"@type\":\"WebSite\",\"@id\":\"https:\\\/\\\/acent.de\\\/en\\\/#website\",\"url\":\"https:\\\/\\\/acent.de\\\/en\\\/\",\"name\":\"ACENT AG\",\"description\":\"Wir beraten CIOs\",\"publisher\":{\"@id\":\"https:\\\/\\\/acent.de\\\/en\\\/#organization\"},\"potentialAction\":[{\"@type\":\"SearchAction\",\"target\":{\"@type\":\"EntryPoint\",\"urlTemplate\":\"https:\\\/\\\/acent.de\\\/en\\\/?s={search_term_string}\"},\"query-input\":{\"@type\":\"PropertyValueSpecification\",\"valueRequired\":true,\"valueName\":\"search_term_string\"}}],\"inLanguage\":\"en-US\"},{\"@type\":\"Organization\",\"@id\":\"https:\\\/\\\/acent.de\\\/en\\\/#organization\",\"name\":\"ACENT AG\",\"url\":\"https:\\\/\\\/acent.de\\\/en\\\/\",\"logo\":{\"@type\":\"ImageObject\",\"inLanguage\":\"en-US\",\"@id\":\"https:\\\/\\\/acent.de\\\/en\\\/#\\\/schema\\\/logo\\\/image\\\/\",\"url\":\"https:\\\/\\\/acent.de\\\/wp-content\\\/uploads\\\/2017\\\/05\\\/1507_Acent-Logo-neu_OK.jpg\",\"contentUrl\":\"https:\\\/\\\/acent.de\\\/wp-content\\\/uploads\\\/2017\\\/05\\\/1507_Acent-Logo-neu_OK.jpg\",\"width\":354,\"height\":63,\"caption\":\"ACENT AG\"},\"image\":{\"@id\":\"https:\\\/\\\/acent.de\\\/en\\\/#\\\/schema\\\/logo\\\/image\\\/\"}}]}<\/script>\n<!-- \/ Yoast SEO plugin. -->","yoast_head_json":{"title":"ACENT TechDay November 2023 - ACENT AG","description":"ACENT AG - 09. November 2023 in M\u00fcnchen Mit der sich rasant entwickelnden KI-Technologie hat OpenAI\u2018s ChatGPT neue Standards f\u00fcr sprachbasierte KI-Anwendungen","robots":{"index":"index","follow":"follow","max-snippet":"max-snippet:-1","max-image-preview":"max-image-preview:large","max-video-preview":"max-video-preview:-1"},"canonical":"https:\/\/acent.de\/en\/acent-techday-november-2023\/","og_locale":"en_US","og_type":"article","og_title":"ACENT TechDay November 2023 - ACENT AG","og_description":"ACENT AG - 09. November 2023 in M\u00fcnchen Mit der sich rasant entwickelnden KI-Technologie hat OpenAI\u2018s ChatGPT neue Standards f\u00fcr sprachbasierte KI-Anwendungen","og_url":"https:\/\/acent.de\/en\/acent-techday-november-2023\/","og_site_name":"ACENT AG","article_modified_time":"2025-12-16T12:06:55+00:00","twitter_misc":{"Est. reading time":"2 minutes"},"schema":{"@context":"https:\/\/schema.org","@graph":[{"@type":"WebPage","@id":"https:\/\/acent.de\/en\/acent-techday-november-2023\/","url":"https:\/\/acent.de\/en\/acent-techday-november-2023\/","name":"ACENT TechDay November 2023 - ACENT AG","isPartOf":{"@id":"https:\/\/acent.de\/en\/#website"},"datePublished":"2023-08-18T08:19:51+00:00","dateModified":"2025-12-16T12:06:55+00:00","description":"ACENT AG - 09. November 2023 in M\u00fcnchen Mit der sich rasant entwickelnden KI-Technologie hat OpenAI\u2018s ChatGPT neue Standards f\u00fcr sprachbasierte KI-Anwendungen","breadcrumb":{"@id":"https:\/\/acent.de\/en\/acent-techday-november-2023\/#breadcrumb"},"inLanguage":"en-US","potentialAction":[{"@type":"ReadAction","target":["https:\/\/acent.de\/en\/acent-techday-november-2023\/"]}]},{"@type":"BreadcrumbList","@id":"https:\/\/acent.de\/en\/acent-techday-november-2023\/#breadcrumb","itemListElement":[{"@type":"ListItem","position":1,"name":"Startseite","item":"https:\/\/acent.de\/en\/"},{"@type":"ListItem","position":2,"name":"ACENT TechDay November 2023"}]},{"@type":"WebSite","@id":"https:\/\/acent.de\/en\/#website","url":"https:\/\/acent.de\/en\/","name":"ACENT AG","description":"Wir beraten CIOs","publisher":{"@id":"https:\/\/acent.de\/en\/#organization"},"potentialAction":[{"@type":"SearchAction","target":{"@type":"EntryPoint","urlTemplate":"https:\/\/acent.de\/en\/?s={search_term_string}"},"query-input":{"@type":"PropertyValueSpecification","valueRequired":true,"valueName":"search_term_string"}}],"inLanguage":"en-US"},{"@type":"Organization","@id":"https:\/\/acent.de\/en\/#organization","name":"ACENT AG","url":"https:\/\/acent.de\/en\/","logo":{"@type":"ImageObject","inLanguage":"en-US","@id":"https:\/\/acent.de\/en\/#\/schema\/logo\/image\/","url":"https:\/\/acent.de\/wp-content\/uploads\/2017\/05\/1507_Acent-Logo-neu_OK.jpg","contentUrl":"https:\/\/acent.de\/wp-content\/uploads\/2017\/05\/1507_Acent-Logo-neu_OK.jpg","width":354,"height":63,"caption":"ACENT AG"},"image":{"@id":"https:\/\/acent.de\/en\/#\/schema\/logo\/image\/"}}]}},"_links":{"self":[{"href":"https:\/\/acent.de\/en\/wp-json\/wp\/v2\/pages\/18144","targetHints":{"allow":["GET"]}}],"collection":[{"href":"https:\/\/acent.de\/en\/wp-json\/wp\/v2\/pages"}],"about":[{"href":"https:\/\/acent.de\/en\/wp-json\/wp\/v2\/types\/page"}],"author":[{"embeddable":true,"href":"https:\/\/acent.de\/en\/wp-json\/wp\/v2\/users\/19"}],"replies":[{"embeddable":true,"href":"https:\/\/acent.de\/en\/wp-json\/wp\/v2\/comments?post=18144"}],"version-history":[{"count":61,"href":"https:\/\/acent.de\/en\/wp-json\/wp\/v2\/pages\/18144\/revisions"}],"predecessor-version":[{"id":24427,"href":"https:\/\/acent.de\/en\/wp-json\/wp\/v2\/pages\/18144\/revisions\/24427"}],"wp:attachment":[{"href":"https:\/\/acent.de\/en\/wp-json\/wp\/v2\/media?parent=18144"}],"curies":[{"name":"wp","href":"https:\/\/api.w.org\/{rel}","templated":true}]}}