{"id":20761,"date":"2024-05-28T13:18:57","date_gmt":"2024-05-28T11:18:57","guid":{"rendered":"https:\/\/staging.acent.de\/?page_id=20761"},"modified":"2024-08-15T16:35:59","modified_gmt":"2024-08-15T14:35:59","slug":"iot-ot-digital-use-cases-im-produktionsumfeld","status":"publish","type":"page","link":"https:\/\/acent.de\/en\/iot-ot-digital-use-cases-im-produktionsumfeld\/","title":{"rendered":"ACENT TechDay Juni 24"},"content":{"rendered":"\n\t\t\t<\/div>\n\t\t<\/div>\n\t<\/div>\n\n\t<div class=\"image-header-full-width\">\n\t\t\t<div class=\"header-image-full-width\">\n\t\t\t\t<div class=\"header-image-media\">\n\t\t\t\t\t<div id=\"wp-header-image\" class=\"wp-header-image\">\n\t\t\t\t\t\t<img decoding=\"async\" src=\"https:\/\/acent.de\/wp-content\/uploads\/2024\/05\/Header-Tech-Day-Kopie.jpg\" alt=\"\">\n\t\t\t\t\t\t<div class=\"opacity-mask\"><\/div>\n\t\t\t\t\t<\/div>\n\t\t\t\t<\/div>\n\t\t\t\t<div class=\"header-image-full-width-text\">\n\t\t\t\t\t<div class=\"container\">\n\t\t\t\t\t<h3>04. Juni 2024<\/h3>\n<h1>ACENT TechDay im Stahlwerk thyssenkrupp Steel<\/h1>\n\t\t\t\t\t<\/div>\n\t\t\t\t<\/div>\n\t\t\t<\/div>\n\t<\/div>\n\n\t\t\t<div class=\"container wrapper wrapper-after-image\">\n\t\t<div class=\"row\">\n\t\t<div class=\"col-sm-12\">\n\n<h1>IoT\/OT &#8211; Digital Use Cases im Produktionsumfeld<\/h1>\n<p>Die digitale Transformation erm\u00f6glicht es Unternehmen, innovative digitale Anwendungsf\u00e4lle (Use Cases) im Produktionsumfeld zu entwickeln sowie die Prinzipien von Industrie 4.0 umzusetzen.<\/p>\n<p><!-- \/wp:post-content --><\/p>\n<p><!-- wp:paragraph --><\/p>\n<p>Das Ziel einer <strong>hochflexiblen, individualisierten und ressourceneffizienten Produktion<\/strong> in einer <strong>intelligenten Fabrik erm\u00f6glicht<\/strong> <strong>neue M\u00f6glichkeiten<\/strong> f\u00fcr Unternehmen, ihre Wettbewerbsf\u00e4higkeit in einer zunehmend digitalisierten Welt zu st\u00e4rken.<\/p>\n<p><!-- \/wp:paragraph --><\/p>\n<p><!-- wp:paragraph --><\/p>\n<p>Mit gut 26.000 Mitarbeitern geh\u00f6rt<strong> thyssenkrupp Steel<\/strong> zu den f\u00fchrenden Herstellern von Qualit\u00e4tsflachstahl und steht f\u00fcr Innovationen in Stahl und hochwertige Produkte f\u00fcr anspruchsvollste Anwendungen.\u00a0 Mit einem Produktionsvolumen von j\u00e4hrlich ungef\u00e4hr 11 Millionen Tonnen Rohstahl ist tkSE der <strong>gr\u00f6\u00dfte Flachstahlhersteller in Deutschland<\/strong>. Das Leistungsspektrum reicht von kundenspezifischen Werkstoffl\u00f6sungen bis hin zu werkstoffnahen Dienstleistungen.<\/p>\n<p><!-- \/wp:paragraph --><\/p>\n<p><!-- wp:paragraph --><\/p>\n<p>F\u00fcr die <strong>Fertigungsprozesse<\/strong> der <strong>\u00fcber 2.000 Stahlprodukte<\/strong> sind aber <em>nicht nur leistungsf\u00e4hige IT-Systeme<\/em> in unmittelbarer N\u00e4he der Produktionsstandorte notwendig, da immer mehr Abl\u00e4ufe durch Sensoren und Roboter gesteuert werden. Zu den \u00fcbergeordneten Zielen geh\u00f6ren auch <strong>weitere Standardisierungsschritte, eine anforderungsgerechte Sicherheits-Architektur und eine neue und innovative Vernetzung von Informationen.<\/strong> Von mehr als einer halben Million Sensoren werden Daten erfasst, geb\u00fcndelt und \u00fcber Edge Computing den weiteren Verarbeitungsschritten zugef\u00fchrt.<\/p>\n<p>Bei dieser <strong>einmaligen Gelegenheit einer F\u00fchrung<\/strong> durch das Stahlwerk in Duisburg k\u00f6nnen die Dimensionen hautnah erkundet werden<\/p>\n<div class=\"wp-block-columns\">\n<div class=\"wp-block-column\">\n<div class=\"wp-block-columns\">\n<p><!-- \/wp:paragraph --><\/p>\n<\/div>\n<p><!-- \/wp:columns --><\/p>\n<\/div>\n<p><!-- \/wp:column --><\/p>\n<\/div>\n<p><!-- \/wp:columns --><\/p>\n<p><!-- wp:acf\/ansprechpartner {\"name\":\"acf\/ansprechpartner\",\"data\":{\"padding\":\"0\",\"_padding\":\"field_5e43d7b1659ec\",\"bg_color_true\":\"0\",\"_bg_color_true\":\"field_5e43d7b165a2c\",\"txt_color\":\"txt_standard\",\"_txt_color\":\"field_5e43d7b165aa4\",\"parallax\":\"0\",\"_parallax\":\"field_5e43d7b165ad8\",\"animation\":\"false\",\"_animation\":\"field_5e43d7b165b52\",\"css\":\"\",\"_css\":\"field_5e43ed2390093\",\"headline\":\"Anmeldungen bitte an:\",\"_headline\":\"field_5e43d7b165b8e\",\"ansprechpartner_0_verknupfung\":20503,\"_ansprechpartner_0_verknupfung\":\"field_5e74ecda5fac1\",\"ansprechpartner_0_bild\":20504,\"_ansprechpartner_0_bild\":\"field_5e43edfe2e542\",\"ansprechpartner_0_name\":\"Franziska Melato\",\"_ansprechpartner_0_name\":\"field_5e43d7b165bcb\",\"ansprechpartner_0_titel\":\"Vorstandsassistentin\",\"_ansprechpartner_0_titel\":\"field_5e43e214a4f57\",\"ansprechpartner_0_titel_vor_name\":\"\",\"_ansprechpartner_0_titel_vor_name\":\"field_5e8341ec9537f\",\"ansprechpartner_0_telefon\":\"\",\"_ansprechpartner_0_telefon\":\"field_5e43e220a4f58\",\"ansprechpartner_0_e-mail\":\"<img src=\"https:\/\/acent.de\/en\/\/c9d645fbe65f220ae1382b751197087c\/&#102;&#46;m&#101;lato&#64;&#97;&#99;&#101;&#110;t.de\" class=\"cryptxImage cryptxImage_0\" alt=\"&#102;&#46;&#109;&#101;l&#97;to&#64;a&#99;&#101;&#110;t&#46;d&#101;\" title=\"f.&#109;&#101;&#108;ato&#64;&#97;&#99;&#101;&#110;t.&#100;e\" \/>\",\"_ansprechpartner_0_e-mail\":\"field_5e43ede72e541\",\"ansprechpartner_0_\":\"\",\"_ansprechpartner_0_\":\"field_5e43e13261aa0\",\"ansprechpartner_0_linkedin\":\"\",\"_ansprechpartner_0_linkedin\":\"field_5e43e13d61aa1\",\"ansprechpartner_0_twitter\":\"\",\"_ansprechpartner_0_twitter\":\"field_5e43e14061aa2\",\"ansprechpartner_0_xing\":\"\",\"_ansprechpartner_0_xing\":\"field_5e43e14461aa4\",\"ansprechpartner_0_youtube\":\"\",\"_ansprechpartner_0_youtube\":\"field_5e43e14361aa3\",\"ansprechpartner_1_verknupfung\":16972,\"_ansprechpartner_1_verknupfung\":\"field_5e74ecda5fac1\",\"ansprechpartner_1_bild\":16979,\"_ansprechpartner_1_bild\":\"field_5e43edfe2e542\",\"ansprechpartner_1_name\":\"Michael Kranz\",\"_ansprechpartner_1_name\":\"field_5e43d7b165bcb\",\"ansprechpartner_1_titel\":\"Partner\",\"_ansprechpartner_1_titel\":\"field_5e43e214a4f57\",\"ansprechpartner_1_titel_vor_name\":\"Dr.\",\"_ansprechpartner_1_titel_vor_name\":\"field_5e8341ec9537f\",\"ansprechpartner_1_telefon\":\"\",\"_ansprechpartner_1_telefon\":\"field_5e43e220a4f58\",\"ansprechpartner_1_e-mail\":\"<img src=\"https:\/\/acent.de\/en\/\/c9d645fbe65f220ae1382b751197087c\/&#109;.&#107;&#114;a&#110;&#122;&#64;ac&#101;nt.&#100;e\" class=\"cryptxImage cryptxImage_1\" alt=\"m&#46;&#107;&#114;an&#122;&#64;&#97;&#99;ent.d&#101;\" title=\"&#109;&#46;k&#114;an&#122;&#64;a&#99;&#101;&#110;t.de\" \/>\",\"_ansprechpartner_1_e-mail\":\"field_5e43ede72e541\",\"ansprechpartner_1_\":\"\",\"_ansprechpartner_1_\":\"field_5e43e13261aa0\",\"ansprechpartner_1_linkedin\":\"\",\"_ansprechpartner_1_linkedin\":\"field_5e43e13d61aa1\",\"ansprechpartner_1_twitter\":\"\",\"_ansprechpartner_1_twitter\":\"field_5e43e14061aa2\",\"ansprechpartner_1_xing\":\"\",\"_ansprechpartner_1_xing\":\"field_5e43e14461aa4\",\"ansprechpartner_1_youtube\":\"\",\"_ansprechpartner_1_youtube\":\"field_5e43e14361aa3\",\"ansprechpartner\":2,\"_ansprechpartner\":\"field_5e43e23ca4f59\"},\"mode\":\"auto\"} \/--><\/p>\n<p><!-- wp:acf\/ansprechpartner {\"name\":\"acf\/ansprechpartner\",\"data\":{\"padding\":\"0\",\"_padding\":\"field_5e43d7b1659ec\",\"bg_color_true\":\"0\",\"_bg_color_true\":\"field_5e43d7b165a2c\",\"txt_color\":\"txt_standard\",\"_txt_color\":\"field_5e43d7b165aa4\",\"parallax\":\"0\",\"_parallax\":\"field_5e43d7b165ad8\",\"animation\":\"false\",\"_animation\":\"field_5e43d7b165b52\",\"css\":\"\",\"_css\":\"field_5e43ed2390093\",\"headline\":\"Anmeldungen bitte an:\",\"_headline\":\"field_5e43d7b165b8e\",\"ansprechpartner_0_verknupfung\":20503,\"_ansprechpartner_0_verknupfung\":\"field_5e74ecda5fac1\",\"ansprechpartner_0_bild\":20504,\"_ansprechpartner_0_bild\":\"field_5e43edfe2e542\",\"ansprechpartner_0_name\":\"Franziska Melato\",\"_ansprechpartner_0_name\":\"field_5e43d7b165bcb\",\"ansprechpartner_0_titel\":\"Vorstandsassistentin\",\"_ansprechpartner_0_titel\":\"field_5e43e214a4f57\",\"ansprechpartner_0_titel_vor_name\":\"\",\"_ansprechpartner_0_titel_vor_name\":\"field_5e8341ec9537f\",\"ansprechpartner_0_telefon\":\"\",\"_ansprechpartner_0_telefon\":\"field_5e43e220a4f58\",\"ansprechpartner_0_e-mail\":\"<img src=\"https:\/\/acent.de\/en\/\/c9d645fbe65f220ae1382b751197087c\/f&#46;m&#101;&#108;a&#116;o&#64;a&#99;&#101;nt.&#100;e\" class=\"cryptxImage cryptxImage_2\" alt=\"f&#46;me&#108;at&#111;&#64;ac&#101;nt&#46;d&#101;\" title=\"&#102;&#46;mel&#97;to&#64;&#97;ce&#110;&#116;.&#100;e\" \/>\",\"_ansprechpartner_0_e-mail\":\"field_5e43ede72e541\",\"ansprechpartner_0_\":\"\",\"_ansprechpartner_0_\":\"field_5e43e13261aa0\",\"ansprechpartner_0_linkedin\":\"\",\"_ansprechpartner_0_linkedin\":\"field_5e43e13d61aa1\",\"ansprechpartner_0_twitter\":\"\",\"_ansprechpartner_0_twitter\":\"field_5e43e14061aa2\",\"ansprechpartner_0_xing\":\"\",\"_ansprechpartner_0_xing\":\"field_5e43e14461aa4\",\"ansprechpartner_0_youtube\":\"\",\"_ansprechpartner_0_youtube\":\"field_5e43e14361aa3\",\"ansprechpartner\":1,\"_ansprechpartner\":\"field_5e43e23ca4f59\"},\"mode\":\"auto\"} \/--><\/p>\n<p><!-- wp:heading {\"textAlign\":\"center\"} --><\/p>\n<h2 class=\"wp-block-heading has-text-align-center\">Wann?<\/h2>\n<p><!-- \/wp:heading --><\/p>\n<p><!-- wp:paragraph {\"align\":\"center\"} --><\/p>\n<p class=\"has-text-align-center\">04. Juni 2024 von 10:30 -21:00 Uhr<\/p>\n<p><!-- \/wp:paragraph --><\/p>\n<p><!-- wp:spacer --><\/p>\n<div class=\"wp-block-spacer\" style=\"height: 100px;\" aria-hidden=\"true\">\u00a0<\/div>\n<p><!-- \/wp:spacer --><\/p>\n<p><!-- wp:heading {\"textAlign\":\"center\"} --><\/p>\n<h2 class=\"wp-block-heading has-text-align-center\">Unser Programm<\/h2>\n<p><!-- \/wp:heading --><\/p>\n<p><!-- wp:paragraph {\"align\":\"center\"} --><\/p>\n<p class=\"has-text-align-center\"><strong>10:30<\/strong>\u00a0Get Together<\/p>\n<p><!-- \/wp:paragraph --><\/p>\n<p><!-- wp:paragraph {\"align\":\"center\"} --><\/p>\n<p class=\"has-text-align-center\"><strong>11:00<\/strong>\u00a0Willkommensgruss &amp; Einf\u00fchrung zum ACENT TechDay bei thyssenkrupp Steel<\/p>\n<p><!-- \/wp:paragraph --><\/p>\n<p><!-- wp:paragraph {\"align\":\"center\"} --><\/p>\n<p class=\"has-text-align-center\"><strong>11:05<\/strong>\u00a0Beginn der Vortr\u00e4ge, Praxisberichte &amp; Diskussion zum Thema IT\/OT\/IoT<\/p>\n<p><!-- \/wp:paragraph --><\/p>\n<p><!-- wp:paragraph {\"align\":\"center\"} --><\/p>\n<p class=\"has-text-align-center\"><strong>13:45\u00a0<\/strong>Gemeinsamer Aufbruch zur Besichtigung des Stahlwerks<\/p>\n<p><!-- \/wp:paragraph --><\/p>\n<p><!-- wp:paragraph {\"align\":\"center\"} --><\/p>\n<p class=\"has-text-align-center\"><strong>14:30<\/strong>\u00a0\u2013\u00a0<strong>17:00<\/strong>\u00a0F\u00fchrung durch das Stahlwerk<\/p>\n<p><!-- \/wp:paragraph --><\/p>\n<p><!-- wp:paragraph {\"align\":\"center\"} --><\/p>\n<p class=\"has-text-align-center\"><strong>17:30<\/strong>\u00a0Fahrt zum gemeinsamen Abendessen im Restaurant<\/p>\n<p><!-- \/wp:paragraph --><\/p>\n<p><!-- wp:paragraph {\"align\":\"center\"} --><\/p>\n<p class=\"has-text-align-center\"><strong>18:00<\/strong>\u00a0Netzwerkabend mit Abendessen im Restaurant \u201e<a href=\"https:\/\/www.faktorei.de\/\" target=\"_blank\" rel=\"noreferrer noopener\">Faktorei<\/a>\u201c und Ausklang des Abends<\/p>\n<p><!-- \/wp:paragraph --><\/p>\n<p><!-- wp:spacer --><\/p>\n<p><!-- \/wp:spacer --><\/p>\n<p><!-- wp:heading {\"textAlign\":\"center\"} --><\/p>\n<h2>\u00a0<\/h2>\n<h2 class=\"wp-block-heading has-text-align-center\">Hotelempfehlungen:<\/h2>\n<div class=\"wp-block-column\">\n<p><!-- \/wp:column --><\/p>\n<\/div>\n<p><!-- \/wp:columns --><\/p>\n<p><!-- \/wp:column --><\/p>\n<p><!-- \/wp:columns --><\/p>\n<p><!-- wp:acf\/ansprechpartner {\"name\":\"acf\/ansprechpartner\",\"data\":{\"padding\":\"0\",\"_padding\":\"field_5e43d7b1659ec\",\"bg_color_true\":\"0\",\"_bg_color_true\":\"field_5e43d7b165a2c\",\"txt_color\":\"txt_standard\",\"_txt_color\":\"field_5e43d7b165aa4\",\"parallax\":\"0\",\"_parallax\":\"field_5e43d7b165ad8\",\"animation\":\"false\",\"_animation\":\"field_5e43d7b165b52\",\"css\":\"\",\"_css\":\"field_5e43ed2390093\",\"headline\":\"Anmeldungen bitte an:\",\"_headline\":\"field_5e43d7b165b8e\",\"ansprechpartner_0_verknupfung\":16972,\"_ansprechpartner_0_verknupfung\":\"field_5e74ecda5fac1\",\"ansprechpartner_0_bild\":16979,\"_ansprechpartner_0_bild\":\"field_5e43edfe2e542\",\"ansprechpartner_0_name\":\"Michael Kranz\",\"_ansprechpartner_0_name\":\"field_5e43d7b165bcb\",\"ansprechpartner_0_titel\":\"Dr.\",\"_ansprechpartner_0_titel\":\"field_5e43e214a4f57\",\"ansprechpartner_0_titel_vor_name\":\"\",\"_ansprechpartner_0_titel_vor_name\":\"field_5e8341ec9537f\",\"ansprechpartner_0_telefon\":\"\",\"_ansprechpartner_0_telefon\":\"field_5e43e220a4f58\",\"ansprechpartner_0_e-mail\":\"<img src=\"https:\/\/acent.de\/en\/\/c9d645fbe65f220ae1382b751197087c\/&#109;.kr&#97;&#110;&#122;&#64;&#97;c&#101;&#110;t.&#100;&#101;\" class=\"cryptxImage cryptxImage_3\" alt=\"m.kr&#97;&#110;&#122;&#64;&#97;&#99;&#101;&#110;t.&#100;&#101;\" title=\"m&#46;&#107;&#114;&#97;nz&#64;&#97;&#99;en&#116;.&#100;&#101;\" \/>\",\"_ansprechpartner_0_e-mail\":\"field_5e43ede72e541\",\"ansprechpartner_0_\":\"\",\"_ansprechpartner_0_\":\"field_5e43e13261aa0\",\"ansprechpartner_0_linkedin\":\"\",\"_ansprechpartner_0_linkedin\":\"field_5e43e13d61aa1\",\"ansprechpartner_0_twitter\":\"\",\"_ansprechpartner_0_twitter\":\"field_5e43e14061aa2\",\"ansprechpartner_0_xing\":\"\",\"_ansprechpartner_0_xing\":\"field_5e43e14461aa4\",\"ansprechpartner_0_youtube\":\"\",\"_ansprechpartner_0_youtube\":\"field_5e43e14361aa3\",\"ansprechpartner\":1,\"_ansprechpartner\":\"field_5e43e23ca4f59\"},\"mode\":\"auto\"} \/--><\/p>\n<p><!-- wp:columns --><\/p>\n<div class=\"wp-block-columns\"><!-- wp:column -->\n<div class=\"wp-block-column\"><!-- wp:columns -->\n<div class=\"wp-block-columns\"><!-- wp:column -->\n<div class=\"wp-block-column\">\u00a0<\/div>\n<p><!-- \/wp:column --><\/p>\n<p><!-- wp:column --><\/p>\n<div class=\"wp-block-column\"><!-- wp:paragraph -->\n<p><a href=\"https:\/\/www.hotel-plaza.de\/\">Hotel Plaza<\/a><br \/>D\u00fcsseldorfer Str. 54,<br \/>47051 Duisburg<\/p>\n<p><!-- \/wp:paragraph --><\/p>\n<\/div>\n<p><!-- \/wp:column --><\/p>\n<\/div>\n<p><!-- \/wp:columns --><\/p>\n<\/div>\n<p><!-- \/wp:column --><\/p>\n<p><!-- wp:column --><\/p>\n<div class=\"wp-block-column\"><!-- wp:columns -->\n<div class=\"wp-block-columns\"><!-- wp:column -->\n<div class=\"wp-block-column\"><!-- wp:paragraph -->\n<p><a href=\"https:\/\/hrewards.com\/de\/intercityhotel-duisburg?wt_mc=seo_listing.ich.yext.duisburg.hotel_link.text_cta\">Intercity Hotel Duisburg<\/a><br \/>Mercatorstra\u00dfe 57,<br \/>47051 Duisburg<\/p>\n<p><!-- \/wp:paragraph --><\/p>\n<\/div>\n<p><!-- \/wp:column --><\/p>\n<p><!-- wp:column --><\/p>\n<div class=\"wp-block-column\">\u00a0<\/div>\n<p><!-- \/wp:column --><\/p>\n<\/div>\n<p><!-- \/wp:columns --><\/p>\n<\/div>\n<p><!-- \/wp:column --><\/p>\n<\/div>\n<p><!-- \/wp:columns --><\/p>\n<p><!-- wp:columns --><\/p>\n<div class=\"wp-block-columns\"><!-- wp:column -->\n<div class=\"wp-block-column\"><!-- wp:columns -->\n<div class=\"wp-block-columns\"><!-- wp:column -->\n<div class=\"wp-block-column\">\u00a0<\/div>\n<p><!-- \/wp:column --><\/p>\n<p><!-- wp:column --><\/p>\n<div class=\"wp-block-column\"><!-- wp:paragraph -->\n<p><a href=\"https:\/\/www.hotel-plaza.de\/\">Hotel Plaza<\/a><br \/>D\u00fcsseldorfer Str. 54,<br \/>47051 Duisburg<\/p>\n<p><!-- \/wp:paragraph --><\/p>\n<\/div>\n<p><!-- \/wp:column --><\/p>\n<\/div>\n<p><!-- \/wp:columns --><\/p>\n<\/div>\n<p><!-- \/wp:column --><\/p>\n<p><!-- wp:column --><\/p>\n<div class=\"wp-block-column\"><!-- wp:columns -->\n<div class=\"wp-block-columns\"><!-- wp:column -->\n<div class=\"wp-block-column\"><!-- wp:paragraph -->\n<p><a href=\"https:\/\/www.hotel-plaza.de\/\">Hotel Plaza<\/a><br \/>D\u00fcsseldorfer Str. 54,<br \/>47051 Duisburg<\/p>\n<p><!-- \/wp:paragraph --><\/p>\n<\/div>\n<p><!-- \/wp:column --><\/p>\n<p><!-- wp:column --><\/p>\n<div class=\"wp-block-column\">\u00a0<\/div>\n<p><!-- \/wp:column --><\/p>\n<\/div>\n<p><!-- \/wp:columns --><\/p>\n<\/div>\n<p><!-- \/wp:column --><\/p>\n<\/div>\n<p><!-- \/wp:columns --><\/p>\n<p><!-- wp:spacer --><\/p>\n<div class=\"wp-block-spacer\" style=\"height: 100px;\" aria-hidden=\"true\">\u00a0<\/div>\n<p><!-- \/wp:spacer --><\/p>\n<p><!-- wp:acf\/ansprechpartner {\"name\":\"acf\/ansprechpartner\",\"data\":{\"padding\":\"0\",\"_padding\":\"field_5e43d7b1659ec\",\"bg_color_true\":\"0\",\"_bg_color_true\":\"field_5e43d7b165a2c\",\"txt_color\":\"txt_standard\",\"_txt_color\":\"field_5e43d7b165aa4\",\"parallax\":\"0\",\"_parallax\":\"field_5e43d7b165ad8\",\"animation\":\"false\",\"_animation\":\"field_5e43d7b165b52\",\"css\":\"\",\"_css\":\"field_5e43ed2390093\",\"headline\":\"Anmeldungen bitte an:\",\"_headline\":\"field_5e43d7b165b8e\",\"ansprechpartner_0_verknupfung\":16972,\"_ansprechpartner_0_verknupfung\":\"field_5e74ecda5fac1\",\"ansprechpartner_0_bild\":16979,\"_ansprechpartner_0_bild\":\"field_5e43edfe2e542\",\"ansprechpartner_0_name\":\"Michael Kranz\",\"_ansprechpartner_0_name\":\"field_5e43d7b165bcb\",\"ansprechpartner_0_titel\":\"Dr.\",\"_ansprechpartner_0_titel\":\"field_5e43e214a4f57\",\"ansprechpartner_0_titel_vor_name\":\"\",\"_ansprechpartner_0_titel_vor_name\":\"field_5e8341ec9537f\",\"ansprechpartner_0_telefon\":\"\",\"_ansprechpartner_0_telefon\":\"field_5e43e220a4f58\",\"ansprechpartner_0_e-mail\":\"<img src=\"https:\/\/acent.de\/en\/\/c9d645fbe65f220ae1382b751197087c\/&#109;.&#107;&#114;a&#110;&#122;&#64;acent.d&#101;\" class=\"cryptxImage cryptxImage_4\" alt=\"m&#46;kra&#110;z&#64;&#97;ce&#110;&#116;&#46;&#100;&#101;\" title=\"&#109;&#46;kra&#110;z&#64;a&#99;e&#110;t&#46;de\" \/>\",\"_ansprechpartner_0_e-mail\":\"field_5e43ede72e541\",\"ansprechpartner_0_\":\"\",\"_ansprechpartner_0_\":\"field_5e43e13261aa0\",\"ansprechpartner_0_linkedin\":\"\",\"_ansprechpartner_0_linkedin\":\"field_5e43e13d61aa1\",\"ansprechpartner_0_twitter\":\"\",\"_ansprechpartner_0_twitter\":\"field_5e43e14061aa2\",\"ansprechpartner_0_xing\":\"\",\"_ansprechpartner_0_xing\":\"field_5e43e14461aa4\",\"ansprechpartner_0_youtube\":\"\",\"_ansprechpartner_0_youtube\":\"field_5e43e14361aa3\",\"ansprechpartner\":1,\"_ansprechpartner\":\"field_5e43e23ca4f59\"},\"mode\":\"auto\"} \/--><\/p>","protected":false},"excerpt":{"rendered":"<p>IoT\/OT &#8211; Digital Use Cases im Produktionsumfeld Die digitale Transformation erm\u00f6glicht es Unternehmen, innovative digitale Anwendungsf\u00e4lle (Use Cases) im Produktionsumfeld zu entwickeln sowie die Prinzipien von Industrie 4.0 umzusetzen. Das Ziel einer hochflexiblen, individualisierten und ressourceneffizienten Produktion in einer intelligenten Fabrik erm\u00f6glicht neue M\u00f6glichkeiten f\u00fcr Unternehmen, ihre Wettbewerbsf\u00e4higkeit in einer zunehmend digitalisierten Welt zu st\u00e4rken. [&hellip;]<\/p>\n","protected":false},"author":19,"featured_media":0,"parent":0,"menu_order":0,"comment_status":"closed","ping_status":"closed","template":"","meta":{"_acf_changed":false,"footnotes":""},"class_list":["post-20761","page","type-page","status-publish","hentry"],"acf":[],"yoast_head":"<!-- This site is optimized with the Yoast SEO plugin v27.4 - https:\/\/yoast.com\/product\/yoast-seo-wordpress\/ -->\n<title>ACENT TechDay Juni 24 - ACENT AG<\/title>\n<meta name=\"description\" content=\"ACENT AG - IoT\/OT - Digital Use Cases im Produktionsumfeld Die digitale Transformation erm\u00f6glicht es Unternehmen, innovative digitale Anwendungsf\u00e4lle (Use Cases) im\" \/>\n<meta name=\"robots\" content=\"index, follow, max-snippet:-1, max-image-preview:large, max-video-preview:-1\" \/>\n<link rel=\"canonical\" href=\"https:\/\/acent.de\/en\/iot-ot-digital-use-cases-im-produktionsumfeld\/\" \/>\n<meta property=\"og:locale\" content=\"en_US\" \/>\n<meta property=\"og:type\" content=\"article\" \/>\n<meta property=\"og:title\" content=\"ACENT TechDay Juni 24 - ACENT AG\" \/>\n<meta property=\"og:description\" content=\"ACENT AG - IoT\/OT - Digital Use Cases im Produktionsumfeld Die digitale Transformation erm\u00f6glicht es Unternehmen, innovative digitale Anwendungsf\u00e4lle (Use Cases) im\" \/>\n<meta property=\"og:url\" content=\"https:\/\/acent.de\/en\/iot-ot-digital-use-cases-im-produktionsumfeld\/\" \/>\n<meta property=\"og:site_name\" content=\"ACENT AG\" \/>\n<meta property=\"article:modified_time\" content=\"2024-08-15T14:35:59+00:00\" \/>\n<meta name=\"twitter:label1\" content=\"Est. reading time\" \/>\n\t<meta name=\"twitter:data1\" content=\"2 minutes\" \/>\n<script type=\"application\/ld+json\" class=\"yoast-schema-graph\">{\"@context\":\"https:\\\/\\\/schema.org\",\"@graph\":[{\"@type\":\"WebPage\",\"@id\":\"https:\\\/\\\/acent.de\\\/en\\\/iot-ot-digital-use-cases-im-produktionsumfeld\\\/\",\"url\":\"https:\\\/\\\/acent.de\\\/en\\\/iot-ot-digital-use-cases-im-produktionsumfeld\\\/\",\"name\":\"ACENT TechDay Juni 24 - ACENT AG\",\"isPartOf\":{\"@id\":\"https:\\\/\\\/acent.de\\\/en\\\/#website\"},\"datePublished\":\"2024-05-28T11:18:57+00:00\",\"dateModified\":\"2024-08-15T14:35:59+00:00\",\"description\":\"ACENT AG - IoT\\\/OT - Digital Use Cases im Produktionsumfeld Die digitale Transformation erm\u00f6glicht es Unternehmen, innovative digitale Anwendungsf\u00e4lle (Use Cases) im\",\"breadcrumb\":{\"@id\":\"https:\\\/\\\/acent.de\\\/en\\\/iot-ot-digital-use-cases-im-produktionsumfeld\\\/#breadcrumb\"},\"inLanguage\":\"en-US\",\"potentialAction\":[{\"@type\":\"ReadAction\",\"target\":[\"https:\\\/\\\/acent.de\\\/en\\\/iot-ot-digital-use-cases-im-produktionsumfeld\\\/\"]}]},{\"@type\":\"BreadcrumbList\",\"@id\":\"https:\\\/\\\/acent.de\\\/en\\\/iot-ot-digital-use-cases-im-produktionsumfeld\\\/#breadcrumb\",\"itemListElement\":[{\"@type\":\"ListItem\",\"position\":1,\"name\":\"Startseite\",\"item\":\"https:\\\/\\\/acent.de\\\/en\\\/\"},{\"@type\":\"ListItem\",\"position\":2,\"name\":\"ACENT TechDay Juni 24\"}]},{\"@type\":\"WebSite\",\"@id\":\"https:\\\/\\\/acent.de\\\/en\\\/#website\",\"url\":\"https:\\\/\\\/acent.de\\\/en\\\/\",\"name\":\"ACENT AG\",\"description\":\"Wir beraten CIOs\",\"publisher\":{\"@id\":\"https:\\\/\\\/acent.de\\\/en\\\/#organization\"},\"potentialAction\":[{\"@type\":\"SearchAction\",\"target\":{\"@type\":\"EntryPoint\",\"urlTemplate\":\"https:\\\/\\\/acent.de\\\/en\\\/?s={search_term_string}\"},\"query-input\":{\"@type\":\"PropertyValueSpecification\",\"valueRequired\":true,\"valueName\":\"search_term_string\"}}],\"inLanguage\":\"en-US\"},{\"@type\":\"Organization\",\"@id\":\"https:\\\/\\\/acent.de\\\/en\\\/#organization\",\"name\":\"ACENT AG\",\"url\":\"https:\\\/\\\/acent.de\\\/en\\\/\",\"logo\":{\"@type\":\"ImageObject\",\"inLanguage\":\"en-US\",\"@id\":\"https:\\\/\\\/acent.de\\\/en\\\/#\\\/schema\\\/logo\\\/image\\\/\",\"url\":\"https:\\\/\\\/acent.de\\\/wp-content\\\/uploads\\\/2017\\\/05\\\/1507_Acent-Logo-neu_OK.jpg\",\"contentUrl\":\"https:\\\/\\\/acent.de\\\/wp-content\\\/uploads\\\/2017\\\/05\\\/1507_Acent-Logo-neu_OK.jpg\",\"width\":354,\"height\":63,\"caption\":\"ACENT AG\"},\"image\":{\"@id\":\"https:\\\/\\\/acent.de\\\/en\\\/#\\\/schema\\\/logo\\\/image\\\/\"}}]}<\/script>\n<!-- \/ Yoast SEO plugin. -->","yoast_head_json":{"title":"ACENT TechDay Juni 24 - ACENT AG","description":"ACENT AG - IoT\/OT - Digital Use Cases im Produktionsumfeld Die digitale Transformation erm\u00f6glicht es Unternehmen, innovative digitale Anwendungsf\u00e4lle (Use Cases) im","robots":{"index":"index","follow":"follow","max-snippet":"max-snippet:-1","max-image-preview":"max-image-preview:large","max-video-preview":"max-video-preview:-1"},"canonical":"https:\/\/acent.de\/en\/iot-ot-digital-use-cases-im-produktionsumfeld\/","og_locale":"en_US","og_type":"article","og_title":"ACENT TechDay Juni 24 - ACENT AG","og_description":"ACENT AG - IoT\/OT - Digital Use Cases im Produktionsumfeld Die digitale Transformation erm\u00f6glicht es Unternehmen, innovative digitale Anwendungsf\u00e4lle (Use Cases) im","og_url":"https:\/\/acent.de\/en\/iot-ot-digital-use-cases-im-produktionsumfeld\/","og_site_name":"ACENT AG","article_modified_time":"2024-08-15T14:35:59+00:00","twitter_misc":{"Est. reading time":"2 minutes"},"schema":{"@context":"https:\/\/schema.org","@graph":[{"@type":"WebPage","@id":"https:\/\/acent.de\/en\/iot-ot-digital-use-cases-im-produktionsumfeld\/","url":"https:\/\/acent.de\/en\/iot-ot-digital-use-cases-im-produktionsumfeld\/","name":"ACENT TechDay Juni 24 - ACENT AG","isPartOf":{"@id":"https:\/\/acent.de\/en\/#website"},"datePublished":"2024-05-28T11:18:57+00:00","dateModified":"2024-08-15T14:35:59+00:00","description":"ACENT AG - IoT\/OT - Digital Use Cases im Produktionsumfeld Die digitale Transformation erm\u00f6glicht es Unternehmen, innovative digitale Anwendungsf\u00e4lle (Use Cases) im","breadcrumb":{"@id":"https:\/\/acent.de\/en\/iot-ot-digital-use-cases-im-produktionsumfeld\/#breadcrumb"},"inLanguage":"en-US","potentialAction":[{"@type":"ReadAction","target":["https:\/\/acent.de\/en\/iot-ot-digital-use-cases-im-produktionsumfeld\/"]}]},{"@type":"BreadcrumbList","@id":"https:\/\/acent.de\/en\/iot-ot-digital-use-cases-im-produktionsumfeld\/#breadcrumb","itemListElement":[{"@type":"ListItem","position":1,"name":"Startseite","item":"https:\/\/acent.de\/en\/"},{"@type":"ListItem","position":2,"name":"ACENT TechDay Juni 24"}]},{"@type":"WebSite","@id":"https:\/\/acent.de\/en\/#website","url":"https:\/\/acent.de\/en\/","name":"ACENT AG","description":"Wir beraten CIOs","publisher":{"@id":"https:\/\/acent.de\/en\/#organization"},"potentialAction":[{"@type":"SearchAction","target":{"@type":"EntryPoint","urlTemplate":"https:\/\/acent.de\/en\/?s={search_term_string}"},"query-input":{"@type":"PropertyValueSpecification","valueRequired":true,"valueName":"search_term_string"}}],"inLanguage":"en-US"},{"@type":"Organization","@id":"https:\/\/acent.de\/en\/#organization","name":"ACENT AG","url":"https:\/\/acent.de\/en\/","logo":{"@type":"ImageObject","inLanguage":"en-US","@id":"https:\/\/acent.de\/en\/#\/schema\/logo\/image\/","url":"https:\/\/acent.de\/wp-content\/uploads\/2017\/05\/1507_Acent-Logo-neu_OK.jpg","contentUrl":"https:\/\/acent.de\/wp-content\/uploads\/2017\/05\/1507_Acent-Logo-neu_OK.jpg","width":354,"height":63,"caption":"ACENT AG"},"image":{"@id":"https:\/\/acent.de\/en\/#\/schema\/logo\/image\/"}}]}},"_links":{"self":[{"href":"https:\/\/acent.de\/en\/wp-json\/wp\/v2\/pages\/20761","targetHints":{"allow":["GET"]}}],"collection":[{"href":"https:\/\/acent.de\/en\/wp-json\/wp\/v2\/pages"}],"about":[{"href":"https:\/\/acent.de\/en\/wp-json\/wp\/v2\/types\/page"}],"author":[{"embeddable":true,"href":"https:\/\/acent.de\/en\/wp-json\/wp\/v2\/users\/19"}],"replies":[{"embeddable":true,"href":"https:\/\/acent.de\/en\/wp-json\/wp\/v2\/comments?post=20761"}],"version-history":[{"count":20,"href":"https:\/\/acent.de\/en\/wp-json\/wp\/v2\/pages\/20761\/revisions"}],"predecessor-version":[{"id":21691,"href":"https:\/\/acent.de\/en\/wp-json\/wp\/v2\/pages\/20761\/revisions\/21691"}],"wp:attachment":[{"href":"https:\/\/acent.de\/en\/wp-json\/wp\/v2\/media?parent=20761"}],"curies":[{"name":"wp","href":"https:\/\/api.w.org\/{rel}","templated":true}]}}