{"id":23259,"date":"2025-06-17T15:05:34","date_gmt":"2025-06-17T13:05:34","guid":{"rendered":"https:\/\/acent.de\/?page_id=23259"},"modified":"2026-01-27T16:38:24","modified_gmt":"2026-01-27T15:38:24","slug":"acent-collection","status":"publish","type":"page","link":"https:\/\/acent.de\/en\/acent-collection\/","title":{"rendered":"ACENT Collection"},"content":{"rendered":"\n\t\t\t<\/div>\n\t\t<\/div>\n\t<\/div>\n\n\t<div class=\"image-header-full-width\">\n\t\t\t<div class=\"header-image-full-width\">\n\t\t\t\t<div class=\"header-image-media\">\n\t\t\t\t\t<div id=\"wp-header-image\" class=\"wp-header-image\">\n\t\t\t\t\t\t<img decoding=\"async\" src=\"https:\/\/acent.de\/wp-content\/uploads\/2026\/01\/Header-schmal-vier-buecher02-scaled.jpg\" alt=\"\">\n\t\t\t\t\t\t<div class=\"opacity-mask\"><\/div>\n\t\t\t\t\t<\/div>\n\t\t\t\t<\/div>\n\t\t\t\t<div class=\"header-image-full-width-text\">\n\t\t\t\t\t<div class=\"container\">\n\t\t\t\t\t\t\t\t\t\t<\/div>\n\t\t\t\t<\/div>\n\t\t\t<\/div>\n\t<\/div>\n\n\t\t\t<div class=\"container wrapper wrapper-after-image\">\n\t\t<div class=\"row\">\n\t\t<div class=\"col-sm-12\">\n\n\n<div style=\"height:100px\" aria-hidden=\"true\" class=\"wp-block-spacer\"><\/div>\n\n\n\n<div style=\"height:100px\" aria-hidden=\"true\" class=\"wp-block-spacer\"><\/div>\n\n\n\n<h2 class=\"wp-block-heading has-text-align-center\">The <strong>ACENT Collection<\/strong><\/h2>\n\n\n\n<p>The ACENT Collection stands for bundled expertise gained from practitioners for use in practice. In our unique book series, leading IT experts, successful CIOs and renowned management consultants share their valuable insights from years of industry experience.<\/p>\n\n\n\n<p>The ACENT Collection offers well-founded insights into the complex interrelationships of the modern IT landscape and serves as a groundbreaking compass for decision-makers and IT professionals.<\/p>\n\n\n\n<p>Be inspired by the best in the industry. Our authors present practical insights into the most important IT topics of our time. Benefit from in-depth analyses, innovative approaches, tried-and-tested solutions and strategic perspectives that will give you a real competitive edge.<\/p>\n\n\n\n<p>Your knowledge advantage starts here.<\/p>\n\n\n\n<div style=\"height:100px\" aria-hidden=\"true\" class=\"wp-block-spacer\"><\/div>\n\n\n\n<div style=\"height:100px\" aria-hidden=\"true\" class=\"wp-block-spacer\"><\/div>\n\n\n\n<\/div>\n<\/div>\n<\/div>\n<div class=\"container-fluid wrapper-186728151\" style=\"background-color:#ebefed;\">\n\n<div class=\"row\">\n<div class=\"col\">\n\t\n\t\t\n\t\t\t<div class=\"container color-wrapper color-wrapper-186728151\">\n\t\t\t\n\t\t\t\t\n\n<div style=\"height:100px\" aria-hidden=\"true\" class=\"wp-block-spacer\"><\/div>\n\n\n\n<div style=\"height:100px\" aria-hidden=\"true\" class=\"wp-block-spacer\"><\/div>\n\n\n\n<h2 class=\"wp-block-heading has-text-align-center\"><strong>The ACENT-Collection books<\/strong><\/h2>\n\n\n<style>\n    .perfect-book .card {\n      border: none;\n      border-radius:0px;\n\t  background-color:transparent;\n    }\n    .perfect-book .card-text-overlay {\n      position: absolute;\n      bottom: 40px; \/* Abstand vom unteren Rand *\/\n      left: 0;\n      width: 100%; \/* Dehnt sich \u00fcber die gesamte Breite *\/\n      background: rgba(255, 255, 255, 0.6); \/* Wei\u00dfer Hintergrund mit Opazit\u00e4t *\/\n      text-align: center;\n      padding: 0.5rem 0;\n      margin: 0;\n    }\n    .perfect-book .card-img-container {\n      position: relative; \/* F\u00fcr absolut positioniertes Overlay *\/\n      border-radius:0px;\n    }\n    .perfect-book .card-img-container img{\n      border-radius:0px;\n    }\n\t.btn-acent-border{\n\t\tpadding:20px 40px;\n\t\tborder:1px solid #941914;\n\t\tbackground-color:transparent;\n\t\tcolor:#941914;\n\t\tfont-size:1.6rem;\n\t}\n\t.book-overlay small{\n\t\ttext-align:left !important;\n\t\tfont-size:0.9rem;\n\t}\n\t.book-overlay h2{\n\t\tfont-size:2.5rem;\n\t\ttext-align:left !important;\n\t\tline-height:1.2em;\n\t\tpadding-top:10px;\n\t\tpadding-bottom:20px;\n\t}\n\t.book-overlay h4{\n\t\tfont-size:1.6rem;\n\t\tfont-weight:400;\n\t\tpadding-bottom:0px;\n\t\tmargin-bottom:0px;\n\t\ttext-align:left !important;\n\t}\n\t.book-excerpt{\n\t\tpadding-top:10px;\n\t}\n<\/style>\n\n\n<div class=\"row perfect-book perfect-book-29583847\">\n\t\t\n\t\t<div class=\"col-lg-4 col-md-6 mb-4\">\n        <div class=\"card\">\n          \t<div class=\"card-img-container\">\n\t\n\t\t\t\t\t\t\t\t\t\t\n\t\t\t<!-- Beitragsbild -->\n            \t\t\t\t<img decoding=\"async\" src=\"https:\/\/acent.de\/wp-content\/uploads\/2025\/10\/acent-herausgeberbuch2-392x600.webp\" class=\"card-img-top wp-post-image\" alt=\"\" srcset=\"https:\/\/acent.de\/wp-content\/uploads\/2025\/10\/acent-herausgeberbuch2-392x600.webp 392w, https:\/\/acent.de\/wp-content\/uploads\/2025\/10\/acent-herausgeberbuch2-261x400.webp 261w, https:\/\/acent.de\/wp-content\/uploads\/2025\/10\/acent-herausgeberbuch2.webp 600w\" sizes=\"(max-width: 392px) 100vw, 392px\" \/>\t\t\t\t\t\t  \n\t\t\t\t\t\t\t\n\t\t\t<\/div>\n\t\t\t\n\t\t\t<div class=\"book-excerpt\">\n\t\t\t\t<p>In a field full of questionable experts touting dubious success stories, Patrick Naef has selected contributors who have implemented genuine digital transformations or produced important academic research. Each chapter offers a unique perspective informed by real-world engagement with digital technology.<\/p>\n\t\t\t<\/div>\n\t\t\t\n\t\t\t<div class=\"text-center\">\n\t\t\t\t<button class=\"btn-acent-border mt-4 mb-4\">more information<\/button>\n\t\t\t<\/div>\n\t\t\t\n\t\t\t<a href=\"https:\/\/acent.de\/en\/buecher\/the-technology-illusion-revisited\/\" title=\"Buch Acent\" class=\"card-a-overlay\"><\/a>\n\t\n\t\t<\/div>\n\t<\/div>\n\t\t\n\t<div class=\"col-lg-4 col-md-6 mb-4\">\n        <div class=\"card\">\n          \t<div class=\"card-img-container\">\n\t\n\t\t\t\t\t\t\t\t\t\t\n\t\t\t<!-- Beitragsbild -->\n            \t\t\t\t<img decoding=\"async\" src=\"https:\/\/acent.de\/wp-content\/uploads\/2025\/05\/acent-buch-technologie-en-392x600.webp\" class=\"card-img-top wp-post-image\" alt=\"\" srcset=\"https:\/\/acent.de\/wp-content\/uploads\/2025\/05\/acent-buch-technologie-en-392x600.webp 392w, https:\/\/acent.de\/wp-content\/uploads\/2025\/05\/acent-buch-technologie-en-261x400.webp 261w, https:\/\/acent.de\/wp-content\/uploads\/2025\/05\/acent-buch-technologie-en.webp 600w\" sizes=\"(max-width: 392px) 100vw, 392px\" \/>\t\t\t\t\t\t  \n\t\t\t\t\t\t\t\n\t\t\t<\/div>\n\t\t\t\n\t\t\t<div class=\"book-excerpt\">\n\t\t\t\t<p>The digital revolution is challenging us to think outside the box. \r\nIn a world that is changing faster than ever, CIOs are challenged more than ever. In this book, Patrick Naef invites you to rethink the role of the technology leader.  This book is a guide to reimagining the role of the technology leader.\r\nDiscover completely new perspectives!<\/p>\n\t\t\t<\/div>\n\t\t\t\n\t\t\t<div class=\"text-center\">\n\t\t\t\t<button class=\"btn-acent-border mt-4 mb-4\">more information<\/button>\n\t\t\t<\/div>\n\t\t\t\n\t\t\t<a href=\"https:\/\/acent.de\/en\/buecher\/the-technology-illusion-dispelling-the-myth-of-digital-transformation\/\" title=\"Buch Acent\" class=\"card-a-overlay\"><\/a>\n\t\n\t\t<\/div>\n\t<\/div>\n\t\t\n\t<div class=\"col-lg-4 col-md-6 mb-4\">\n        <div class=\"card\">\n          \t<div class=\"card-img-container\">\n\t\n\t\t\t\t\t\t\t\t\t\t\n\t\t\t<!-- Beitragsbild -->\n            \t\t\t\t<img decoding=\"async\" src=\"https:\/\/acent.de\/wp-content\/uploads\/2025\/02\/acent-buch-technologie-web-392x600.webp\" class=\"card-img-top wp-post-image\" alt=\"\" srcset=\"https:\/\/acent.de\/wp-content\/uploads\/2025\/02\/acent-buch-technologie-web-392x600.webp 392w, https:\/\/acent.de\/wp-content\/uploads\/2025\/02\/acent-buch-technologie-web-261x400.webp 261w, https:\/\/acent.de\/wp-content\/uploads\/2025\/02\/acent-buch-technologie-web.webp 600w\" sizes=\"(max-width: 392px) 100vw, 392px\" \/>\t\t\t\t\t\t  \n\t\t\t\t\t\t\t\n\t\t\t<\/div>\n\t\t\t\n\t\t\t<div class=\"book-excerpt\">\n\t\t\t\t<p>Die digitale Revolution fordert uns heraus, \u00fcber den Tellerrand des Gewohnten hinaus zu schauen. In einer Welt, die sich rasant ver\u00e4ndert, sind CIOs gefordert. In diesem Buch l\u00e4dt P. Naef Sie ein, die Rolle des Technologief\u00fchrers zu \u00fcberdenken. Entdecken Sie neue Perspektiven und hinterfragen Sie etablierte Denkweisen.<\/p>\n\t\t\t<\/div>\n\t\t\t\n\t\t\t<div class=\"text-center\">\n\t\t\t\t<button class=\"btn-acent-border mt-4 mb-4\">more information<\/button>\n\t\t\t<\/div>\n\t\t\t\n\t\t\t<a href=\"https:\/\/acent.de\/en\/buecher\/die-technologie-illusion-der-entzauberte-mythos-der-digitalen-transformation\/\" title=\"Buch Acent\" class=\"card-a-overlay\"><\/a>\n\t\n\t\t<\/div>\n\t<\/div>\n\t\t\n\t<div class=\"col-lg-4 col-md-6 mb-4\">\n        <div class=\"card\">\n          \t<div class=\"card-img-container\">\n\t\n\t\t\t\t\t\t\t\t\t\t\n\t\t\t<!-- Beitragsbild -->\n            \t\t\t\t<img decoding=\"async\" src=\"https:\/\/acent.de\/wp-content\/uploads\/2025\/02\/acent-buch-arschloecher-web-392x600.webp\" class=\"card-img-top wp-post-image\" alt=\"\" srcset=\"https:\/\/acent.de\/wp-content\/uploads\/2025\/02\/acent-buch-arschloecher-web-392x600.webp 392w, https:\/\/acent.de\/wp-content\/uploads\/2025\/02\/acent-buch-arschloecher-web-261x400.webp 261w, https:\/\/acent.de\/wp-content\/uploads\/2025\/02\/acent-buch-arschloecher-web.webp 600w\" sizes=\"(max-width: 392px) 100vw, 392px\" \/>\t\t\t\t\t\t  \n\t\t\t\t\t\t\t\n\t\t\t<\/div>\n\t\t\t\n\t\t\t<div class=\"book-excerpt\">\n\t\t\t\t<p>Stationen einer Reise durch die Welt des Managers. Nach erfolgreichen Jahrzehnten als CIO eines gro\u00dfen R\u00fcckversicherers l\u00e4sst Rainer Jan\u00dfen uns in diesem Buch in seiner launigen wie treffsicheren Sprache an den Irrungen und Wirrungen der Management-Laufbahn und dem Management-Alltag teilhaben, und zeigt, dass Sozialpsychologie und Philosophie hilfreich sind.<\/p>\n\t\t\t<\/div>\n\t\t\t\n\t\t\t<div class=\"text-center\">\n\t\t\t\t<button class=\"btn-acent-border mt-4 mb-4\">more information<\/button>\n\t\t\t<\/div>\n\t\t\t\n\t\t\t<a href=\"https:\/\/acent.de\/en\/buecher\/arschloecher-gibts-halt-leider-ueberall\/\" title=\"Buch Acent\" class=\"card-a-overlay\"><\/a>\n\t\n\t\t<\/div>\n\t<\/div>\n\t\t\n\t<\/div>\n\t\t\t\t\n\n\n\n\n<div style=\"height:100px\" aria-hidden=\"true\" class=\"wp-block-spacer\"><\/div>\n\n\n\n<div style=\"height:100px\" aria-hidden=\"true\" class=\"wp-block-spacer\"><\/div>\n\n\n\t\t<\/div>\n\t\n\t\t<\/div>\n\n<\/div>\n<\/div>\n<div class=\"container\">\n<div class=\"row\">\n<div class=\"col-sm-12\">\n\n\n\n<div style=\"height:100px\" aria-hidden=\"true\" class=\"wp-block-spacer\"><\/div>\n\n\n\n<div style=\"height:100px\" aria-hidden=\"true\" class=\"wp-block-spacer\"><\/div>\n\n\n\n<h2 class=\"wp-block-heading has-text-align-center\">About our authors<\/h2>\n\n\n\n<div style=\"height:100px\" aria-hidden=\"true\" class=\"wp-block-spacer\"><\/div>\n\n\n\n<style>\n\t.acent-grid #accordion{\n\t\tpadding-top:30px;\n\t}\n\t.acent-grid #accordion .card{\n\t\tborder:none;\n\t\tbackground-color:transparent;\n\t}\n\t.acent-grid #accordion .card-header{\n\t\tborder:none;\n\t\tbackground-color:transparent;\n\t\tpadding-left:0px;\n\t\tpadding-top:0px;\n\t\tpadding-bottom:0px;\n\t}\n\t.acent-grid #accordion .card-header .btn-link{\n\t\tcolor:#073044;\n\t\tpadding-left:0px;\n\t\tfont-weight:bold;\n\t\tpadding-top:0px;\n\t\tfont-size:1.4rem;\n\t\tpadding-bottom:5px;\n\t}\n\t.acent-grid #accordion .card-header .btn-link:hover,.acent-grid #accordion .card-header .btn-link:focus,.acent-grid #accordion .card-header .btn-link.collapsed:before {\n\t  text-decoration: none;\n\t}\n\t.acent-grid #accordion .card-header .btn-link:before{\n\t\tcontent: \"\\f103\";\n\t\tfont: normal normal normal 14px\/1 FontAwesome;\n\t\tfont-size: inherit;\n\t\ttext-rendering: auto;\n\t\t-moz-osx-font-smoothing: grayscale;\n\t\tbackground-color: #941914;\n\t\t  color: #fff;\n\t\t  border-radius: 100%;\n\t\t  width: 30px;\n\t\t  display: inline-block;\n\t\t  height: 30px;\n\t\t  line-height: 30px;\n\t}\n\t.acent-grid #accordion .card-header .btn-link.collapsed:before{\n\t\tcontent: \"\\f101\";\n\t\tline-height: 28px;\n\t}\n.acent-bg-grid h2{\n\tposition:absolute;\n\ttop:50% !important;left:50% !important; text-align:center !important;transform: translate(-50%, -50%);\n\tcolor:#fff;\n}\n.acent-bg-grid{\n\tbackground-position: top center;\n\tbackground-size: cover;\n\tmin-height: 100%;\n\tz-index: var(--mdc-zindex-0);\n\tposition: absolute;\n\twidth: 100%;\n\theight: 100%;\n\ttop: 0;\n\tleft: 0;\n\tright: 0;\n\tbottom: 0;\n}\n\t\n.acent-grid.perfect-grid-2 .acent-two {\n  width: auto !important;\n  margin-left: auto !important;\n  margin-right: auto !important;\n}.acent-grid.perfect-grid-2.book-two-cols .acent-two-two .acent-txt p {\n    font-size: 1rem !important;\n  }\n\t\n\t@media screen and (min-width: 768px) {\n  .acent-grid.perfect-grid-2.book-two-cols .acent-two-two .acent-txt p {\n    font-size: 1.125rem !important;\n  }\n}\n@media screen and (min-width: 1780px) {\n  .acent-grid.perfect-grid-2.book-two-cols .acent-two-two .acent-txt p {\n    font-size: 1.3125rem !important;\n  }\n}\n\n\t\n<\/style>\n\n<div class=\"acent-grid perfect-grid-2 grid-220713302 wrapper-300766382 book-two-cols\">\n\t<div class=\"acent-two\">\n\t\t\t\t\t\t\t\t\t\t\t<style>\n\t\t\t\t.acent-bg-grid.bg-ac-810131331-1{\n\t\t\t\t\tbackground-image: url('https:\/\/acent.de\/wp-content\/uploads\/2025\/02\/portrait-jansen.webp');\n\t\t\t\t\tbackground-position:center center;\n\t\t\t\t\t\t\t\t}\n\t\t\t<\/style>\n\t\t\t\t\t\t<div class=\"acent-two-two\">\n\t\t\t\n\t\t\t\t\t\t\t\t<div class=\"acent-start acent-2-img-layer ac-start1\">\n\t\t\t\t\t<div class=\"acent-bg-grid bg-ac-810131331-1\">\n\t\t\t\t\t\t\t\t\t\t\t<\/div>\n\t\t\t\t<\/div>\n\t\t\t\t\t\t\t\t\n\t\t\t\t\t\t\t\t\t\t\t\t\t\t\t<div class=\"acent-end ac-end1\">\n\t\t\t\t\t\t\t\t\t\t\t\t\t\t\n\t\t\t\t\t\t\t\t\t<div class=\"pl-5 pr-5\">\n\t\t\t\t\t\t\t\t\t\t\t\t\t\t\t<div class=\"acent-txt\">\t\t\t\t\t\t\t\t\t\t\t\n\t\t\t\t\t\t\t\t\t\t\t\t\t\t\t<p><a href=\"https:\/\/acent.de\/partner\/rainer-janssen\/\">Dr. Rainer Jan\u00dfen <\/a>studied mathematics and computer science in Kiel and Kaiserslautern and worked for several well-known companies. In his last position, he managed the entire global IT organisation of the Munich-Re reinsurance group, which at the time had around 2000 employees worldwide. He was voted \u2018CIO of the Year 2008\u2019 and \u2018CIO of the Decade 2001-2011\u2019 by Computerwoche and CIO Magazine, and won the \u2018Global Exchange Award 2014\u2019.<\/p>\n\t\t\t\t\t\t\t\n\t\t\t\t\t\t\t\t\t\t\t\t\t<\/div>\n\t\t\t\t\t<\/div>\n\t\t\t\t<\/div>\n\t\t\t\t\n\t\t\t\t\t\t\t\t\n\t\t\t<\/div>\n\n\t\t\t\t\t\t\t\t\t\t\t\t\t<style>\n\t\t\t\t.acent-bg-grid.bg-ac-777161104-2{\n\t\t\t\t\tbackground-image: url('https:\/\/acent.de\/wp-content\/uploads\/2025\/05\/Portrait-Naef.webp');\n\t\t\t\t\tbackground-position:center center;\n\t\t\t\t\t\t\t\t}\n\t\t\t<\/style>\n\t\t\t\t\t\t<div class=\"acent-two-two\">\n\t\t\t\n\t\t\t\t\t\t\t\t\n\t\t\t\t\t\t\t\t\t\t\t\t\t\t\t<div class=\"acent-start acent-start-mobil-end bg-ac-777161104-2\">\n\t\t\t\t\t\t\t\t\t\t\t\t\t\t\n\t\t\t\t\t\t\t\t\t<div class=\"pl-5 pr-5\">\n\t\t\t\t\t\t\t\t\t\t\t\t\t\t\t<div class=\"acent-txt\">\t\t\t\t\t\t\t\t\t\t\t\n\t\t\t\t\t\t\t\t\t\t\t\t\t\t\t<p><a href=\"https:\/\/acent.de\/partner\/patrick-naef\/\" target=\"_blank\" rel=\"noopener\">Patrick Naef<\/a> is a partner at Acent AG and founder and CEO of ITvisor GmbH. In addition to various other activities, he is also Managing Partner at Boyden Executive Search and a member of the Board of Directors of the Franke Group. In 2011, he was honoured by the German \u2018CIO Magazin\u2019 and IDG with the prestigious \u2018CIO of the Decade\u2019 award.<\/p>\n\t\t\t\t\t\t\t\n\t\t\t\t\t\t\t\t\t\t\t\t\t<\/div>\n\t\t\t\t\t<\/div>\n\t\t\t\t<\/div>\n\t\t\t\t\n\t\t\t\t\t\t\t\t<div class=\"acent-end acent-2-img-layer acent-end-mobil-start ac-end2\">\n\t\t\t\t\t<div class=\"acent-bg-grid bg-ac-777161104-2\">\n\t\t\t\t\t\t\t\t\t\t\t<\/div>\n\t\t\t\t<\/div>\n\t\t\t\t\t\t\t\t\n\t\t\t<\/div>\n\n\t\t\t\t\t\t\t\t\t<\/div>\n<\/div>\n\n\n\n<div style=\"height:30px\" aria-hidden=\"true\" class=\"wp-block-spacer\"><\/div>\n\n\n\n<div style=\"height:30px\" aria-hidden=\"true\" class=\"wp-block-spacer\"><\/div>\n\n\n\n<p>&nbsp;<\/p>\n","protected":false},"excerpt":{"rendered":"<p>The ACENT Collection The ACENT Collection stands for bundled expertise gained from practitioners for use in practice. In our unique book series, leading IT experts, successful CIOs and renowned management consultants share their valuable insights from years of industry experience. The ACENT Collection offers well-founded insights into the complex interrelationships of the modern IT landscape [&hellip;]<\/p>\n","protected":false},"author":19,"featured_media":0,"parent":0,"menu_order":0,"comment_status":"closed","ping_status":"closed","template":"","meta":{"_acf_changed":false,"footnotes":""},"class_list":["post-23259","page","type-page","status-publish","hentry"],"acf":[],"yoast_head":"<!-- This site is optimized with the Yoast SEO plugin v27.3 - https:\/\/yoast.com\/product\/yoast-seo-wordpress\/ -->\n<title>ACENT Collection - ACENT AG<\/title>\n<meta name=\"description\" content=\"ACENT AG - The ACENT Collection The ACENT Collection stands for bundled expertise gained from practitioners for use in practice. In our unique book series, leading\" \/>\n<meta name=\"robots\" content=\"index, follow, max-snippet:-1, max-image-preview:large, max-video-preview:-1\" \/>\n<link rel=\"canonical\" href=\"https:\/\/acent.de\/en\/acent-collection\/\" \/>\n<meta property=\"og:locale\" content=\"en_US\" \/>\n<meta property=\"og:type\" content=\"article\" \/>\n<meta property=\"og:title\" content=\"ACENT Collection - ACENT AG\" \/>\n<meta property=\"og:description\" content=\"ACENT AG - The ACENT Collection The ACENT Collection stands for bundled expertise gained from practitioners for use in practice. In our unique book series, leading\" \/>\n<meta property=\"og:url\" content=\"https:\/\/acent.de\/en\/acent-collection\/\" \/>\n<meta property=\"og:site_name\" content=\"ACENT AG\" \/>\n<meta property=\"article:modified_time\" content=\"2026-01-27T15:38:24+00:00\" \/>\n<meta name=\"twitter:label1\" content=\"Est. reading time\" \/>\n\t<meta name=\"twitter:data1\" content=\"2 minutes\" \/>\n<script type=\"application\/ld+json\" class=\"yoast-schema-graph\">{\"@context\":\"https:\\\/\\\/schema.org\",\"@graph\":[{\"@type\":\"WebPage\",\"@id\":\"https:\\\/\\\/acent.de\\\/en\\\/acent-collection\\\/\",\"url\":\"https:\\\/\\\/acent.de\\\/en\\\/acent-collection\\\/\",\"name\":\"ACENT Collection - ACENT AG\",\"isPartOf\":{\"@id\":\"https:\\\/\\\/acent.de\\\/en\\\/#website\"},\"datePublished\":\"2025-06-17T13:05:34+00:00\",\"dateModified\":\"2026-01-27T15:38:24+00:00\",\"description\":\"ACENT AG - The ACENT Collection The ACENT Collection stands for bundled expertise gained from practitioners for use in practice. In our unique book series, leading\",\"breadcrumb\":{\"@id\":\"https:\\\/\\\/acent.de\\\/en\\\/acent-collection\\\/#breadcrumb\"},\"inLanguage\":\"en-US\",\"potentialAction\":[{\"@type\":\"ReadAction\",\"target\":[\"https:\\\/\\\/acent.de\\\/en\\\/acent-collection\\\/\"]}]},{\"@type\":\"BreadcrumbList\",\"@id\":\"https:\\\/\\\/acent.de\\\/en\\\/acent-collection\\\/#breadcrumb\",\"itemListElement\":[{\"@type\":\"ListItem\",\"position\":1,\"name\":\"Startseite\",\"item\":\"https:\\\/\\\/acent.de\\\/en\\\/\"},{\"@type\":\"ListItem\",\"position\":2,\"name\":\"ACENT Collection\"}]},{\"@type\":\"WebSite\",\"@id\":\"https:\\\/\\\/acent.de\\\/en\\\/#website\",\"url\":\"https:\\\/\\\/acent.de\\\/en\\\/\",\"name\":\"ACENT AG\",\"description\":\"Wir beraten CIOs\",\"publisher\":{\"@id\":\"https:\\\/\\\/acent.de\\\/en\\\/#organization\"},\"potentialAction\":[{\"@type\":\"SearchAction\",\"target\":{\"@type\":\"EntryPoint\",\"urlTemplate\":\"https:\\\/\\\/acent.de\\\/en\\\/?s={search_term_string}\"},\"query-input\":{\"@type\":\"PropertyValueSpecification\",\"valueRequired\":true,\"valueName\":\"search_term_string\"}}],\"inLanguage\":\"en-US\"},{\"@type\":\"Organization\",\"@id\":\"https:\\\/\\\/acent.de\\\/en\\\/#organization\",\"name\":\"ACENT AG\",\"url\":\"https:\\\/\\\/acent.de\\\/en\\\/\",\"logo\":{\"@type\":\"ImageObject\",\"inLanguage\":\"en-US\",\"@id\":\"https:\\\/\\\/acent.de\\\/en\\\/#\\\/schema\\\/logo\\\/image\\\/\",\"url\":\"https:\\\/\\\/acent.de\\\/wp-content\\\/uploads\\\/2017\\\/05\\\/1507_Acent-Logo-neu_OK.jpg\",\"contentUrl\":\"https:\\\/\\\/acent.de\\\/wp-content\\\/uploads\\\/2017\\\/05\\\/1507_Acent-Logo-neu_OK.jpg\",\"width\":354,\"height\":63,\"caption\":\"ACENT AG\"},\"image\":{\"@id\":\"https:\\\/\\\/acent.de\\\/en\\\/#\\\/schema\\\/logo\\\/image\\\/\"}}]}<\/script>\n<!-- \/ Yoast SEO plugin. -->","yoast_head_json":{"title":"ACENT Collection - ACENT AG","description":"ACENT AG - The ACENT Collection The ACENT Collection stands for bundled expertise gained from practitioners for use in practice. In our unique book series, leading","robots":{"index":"index","follow":"follow","max-snippet":"max-snippet:-1","max-image-preview":"max-image-preview:large","max-video-preview":"max-video-preview:-1"},"canonical":"https:\/\/acent.de\/en\/acent-collection\/","og_locale":"en_US","og_type":"article","og_title":"ACENT Collection - ACENT AG","og_description":"ACENT AG - The ACENT Collection The ACENT Collection stands for bundled expertise gained from practitioners for use in practice. In our unique book series, leading","og_url":"https:\/\/acent.de\/en\/acent-collection\/","og_site_name":"ACENT AG","article_modified_time":"2026-01-27T15:38:24+00:00","twitter_misc":{"Est. reading time":"2 minutes"},"schema":{"@context":"https:\/\/schema.org","@graph":[{"@type":"WebPage","@id":"https:\/\/acent.de\/en\/acent-collection\/","url":"https:\/\/acent.de\/en\/acent-collection\/","name":"ACENT Collection - ACENT AG","isPartOf":{"@id":"https:\/\/acent.de\/en\/#website"},"datePublished":"2025-06-17T13:05:34+00:00","dateModified":"2026-01-27T15:38:24+00:00","description":"ACENT AG - The ACENT Collection The ACENT Collection stands for bundled expertise gained from practitioners for use in practice. In our unique book series, leading","breadcrumb":{"@id":"https:\/\/acent.de\/en\/acent-collection\/#breadcrumb"},"inLanguage":"en-US","potentialAction":[{"@type":"ReadAction","target":["https:\/\/acent.de\/en\/acent-collection\/"]}]},{"@type":"BreadcrumbList","@id":"https:\/\/acent.de\/en\/acent-collection\/#breadcrumb","itemListElement":[{"@type":"ListItem","position":1,"name":"Startseite","item":"https:\/\/acent.de\/en\/"},{"@type":"ListItem","position":2,"name":"ACENT Collection"}]},{"@type":"WebSite","@id":"https:\/\/acent.de\/en\/#website","url":"https:\/\/acent.de\/en\/","name":"ACENT AG","description":"Wir beraten CIOs","publisher":{"@id":"https:\/\/acent.de\/en\/#organization"},"potentialAction":[{"@type":"SearchAction","target":{"@type":"EntryPoint","urlTemplate":"https:\/\/acent.de\/en\/?s={search_term_string}"},"query-input":{"@type":"PropertyValueSpecification","valueRequired":true,"valueName":"search_term_string"}}],"inLanguage":"en-US"},{"@type":"Organization","@id":"https:\/\/acent.de\/en\/#organization","name":"ACENT AG","url":"https:\/\/acent.de\/en\/","logo":{"@type":"ImageObject","inLanguage":"en-US","@id":"https:\/\/acent.de\/en\/#\/schema\/logo\/image\/","url":"https:\/\/acent.de\/wp-content\/uploads\/2017\/05\/1507_Acent-Logo-neu_OK.jpg","contentUrl":"https:\/\/acent.de\/wp-content\/uploads\/2017\/05\/1507_Acent-Logo-neu_OK.jpg","width":354,"height":63,"caption":"ACENT AG"},"image":{"@id":"https:\/\/acent.de\/en\/#\/schema\/logo\/image\/"}}]}},"_links":{"self":[{"href":"https:\/\/acent.de\/en\/wp-json\/wp\/v2\/pages\/23259","targetHints":{"allow":["GET"]}}],"collection":[{"href":"https:\/\/acent.de\/en\/wp-json\/wp\/v2\/pages"}],"about":[{"href":"https:\/\/acent.de\/en\/wp-json\/wp\/v2\/types\/page"}],"author":[{"embeddable":true,"href":"https:\/\/acent.de\/en\/wp-json\/wp\/v2\/users\/19"}],"replies":[{"embeddable":true,"href":"https:\/\/acent.de\/en\/wp-json\/wp\/v2\/comments?post=23259"}],"version-history":[{"count":4,"href":"https:\/\/acent.de\/en\/wp-json\/wp\/v2\/pages\/23259\/revisions"}],"predecessor-version":[{"id":24927,"href":"https:\/\/acent.de\/en\/wp-json\/wp\/v2\/pages\/23259\/revisions\/24927"}],"wp:attachment":[{"href":"https:\/\/acent.de\/en\/wp-json\/wp\/v2\/media?parent=23259"}],"curies":[{"name":"wp","href":"https:\/\/api.w.org\/{rel}","templated":true}]}}